{"id":130,"date":"2020-08-17T22:01:00","date_gmt":"2020-08-17T22:01:00","guid":{"rendered":"https:\/\/nevalogy.com\/\/?page_id=130"},"modified":"2020-08-19T18:25:37","modified_gmt":"2020-08-19T18:25:37","slug":"130-2","status":"publish","type":"page","link":"https:\/\/nevalogy.com\/tr\/","title":{"rendered":""},"content":{"rendered":"<div class=\"wpsisac-slick-carousal-wrp wpsisac-clearfix\" data-conf=\"{&quot;slidestoshow&quot;:3,&quot;slidestoscroll&quot;:1,&quot;dots&quot;:&quot;true&quot;,&quot;arrows&quot;:&quot;true&quot;,&quot;autoplay&quot;:&quot;true&quot;,&quot;autoplay_interval&quot;:3000,&quot;speed&quot;:300,&quot;rtl&quot;:&quot;false&quot;,&quot;centermode&quot;:&quot;false&quot;,&quot;lazyload&quot;:&quot;&quot;,&quot;variablewidth&quot;:&quot;false&quot;,&quot;loop&quot;:&quot;true&quot;,&quot;hover_pause&quot;:&quot;true&quot;}\">\r\t\t\t<div id=\"wpsisac-slick-carousal-1\" class=\"wpsisac-slick-init wpsisac-slick-carousal design-1  simplecarousal\">\r\r\t\t\t\t<div class=\"wpsisac-image-slide\">\r\t\t\t<div class=\"wpsisac-image-slide-wrap\" style=\"\">\r\t\t\t<img decoding=\"async\"  src=\"https:\/\/i0.wp.com\/nevalogy.com\/wp-content\/uploads\/2020\/08\/loveofscience.jpg?fit=356%2C221&#038;ssl=1\" alt=\"Love Of Science\" \/>\r\t\t<\/div>\r\t<\/div><div class=\"wpsisac-image-slide\">\r\t\t\t<a href=\"https:\/\/nevalogy.com\/tr\/today-in-nevaolgy\/\">\r\t\t\t<div class=\"wpsisac-image-slide-wrap\" style=\"\">\r\t\t\t\t<img decoding=\"async\"  src=\"https:\/\/i0.wp.com\/nevalogy.com\/wp-content\/uploads\/2020\/08\/Todayin.jpg?fit=356%2C221&#038;ssl=1\" alt=\"Today In Nevalogy\" \/>\r\t\t\t<\/div>\r\t\t<\/a>\r\t<\/div><div class=\"wpsisac-image-slide\">\r\t\t\t<div class=\"wpsisac-image-slide-wrap\" style=\"\">\r\t\t\t<img decoding=\"async\"  src=\"https:\/\/i0.wp.com\/nevalogy.com\/wp-content\/uploads\/2020\/08\/livingwell.jpg?fit=356%2C221&#038;ssl=1\" alt=\"Living Well\" \/>\r\t\t<\/div>\r\t<\/div><div class=\"wpsisac-image-slide\">\r\t\t\t<a href=\"https:\/\/nevalogy.com\/tr\/pets-2\/\">\r\t\t\t<div class=\"wpsisac-image-slide-wrap\" style=\"\">\r\t\t\t\t<img decoding=\"async\"  src=\"https:\/\/i0.wp.com\/nevalogy.com\/wp-content\/uploads\/2020\/08\/Pets.jpg?fit=356%2C221&#038;ssl=1\" alt=\"Pets\" \/>\r\t\t\t<\/div>\r\t\t<\/a>\r\t<\/div><div class=\"wpsisac-image-slide\">\r\t\t\t<a href=\"https:\/\/nevalogy.com\/tr\/fun-2\/\">\r\t\t\t<div class=\"wpsisac-image-slide-wrap\" style=\"\">\r\t\t\t\t<img decoding=\"async\"  src=\"https:\/\/i0.wp.com\/nevalogy.com\/wp-content\/uploads\/2020\/08\/Fun.jpg?fit=356%2C221&#038;ssl=1\" alt=\"Fun\" \/>\r\t\t\t<\/div>\r\t\t<\/a>\r\t<\/div><div class=\"wpsisac-image-slide\">\r\t\t\t<a href=\"https:\/\/nevalogy.com\/tr\/ask-neva\/\">\r\t\t\t<div class=\"wpsisac-image-slide-wrap\" style=\"\">\r\t\t\t\t<img decoding=\"async\"  src=\"https:\/\/i0.wp.com\/nevalogy.com\/wp-content\/uploads\/2020\/08\/ASKNEV.jpg?fit=356%2C221&#038;ssl=1\" alt=\"Ask Neva\" \/>\r\t\t\t<\/div>\r\t\t<\/a>\r\t<\/div><div class=\"wpsisac-image-slide\">\r\t\t\t<a href=\"https:\/\/nevalogy.com\/tr\/cooking-eating-2\/\">\r\t\t\t<div class=\"wpsisac-image-slide-wrap\" style=\"\">\r\t\t\t\t<img decoding=\"async\"  src=\"https:\/\/i0.wp.com\/nevalogy.com\/wp-content\/uploads\/2020\/08\/cooking-eating.jpg?fit=356%2C221&#038;ssl=1\" alt=\"Cooking &#038; Eating\" \/>\r\t\t\t<\/div>\r\t\t<\/a>\r\t<\/div><div class=\"wpsisac-image-slide\">\r\t\t\t<a href=\"https:\/\/nevalogy.com\/tr\/practical-solutions-2\/\">\r\t\t\t<div class=\"wpsisac-image-slide-wrap\" style=\"\">\r\t\t\t\t<img decoding=\"async\"  src=\"https:\/\/i0.wp.com\/nevalogy.com\/wp-content\/uploads\/2020\/08\/practical-solutions.jpg?fit=356%2C221&#038;ssl=1\" alt=\"Practical Solutions\" \/>\r\t\t\t<\/div>\r\t\t<\/a>\r\t<\/div><div class=\"wpsisac-image-slide\">\r\t\t\t<a href=\"https:\/\/nevalogy.com\/tr\/health-2\/\">\r\t\t\t<div class=\"wpsisac-image-slide-wrap\" style=\"\">\r\t\t\t\t<img decoding=\"async\"  src=\"https:\/\/i0.wp.com\/nevalogy.com\/wp-content\/uploads\/2020\/08\/Health.jpg?fit=356%2C221&#038;ssl=1\" alt=\"Health\" \/>\r\t\t\t<\/div>\r\t\t<\/a>\r\t<\/div><div class=\"wpsisac-image-slide\">\r\t\t\t<a href=\"https:\/\/nevalogy.com\/tr\/whats-new\/\">\r\t\t\t<div class=\"wpsisac-image-slide-wrap\" style=\"\">\r\t\t\t\t<img decoding=\"async\"  src=\"https:\/\/i0.wp.com\/nevalogy.com\/wp-content\/uploads\/2020\/08\/whatsnew.jpg?fit=356%2C221&#038;ssl=1\" alt=\"What&#8217;s New\" \/>\r\t\t\t<\/div>\r\t\t<\/a>\r\t<\/div><div class=\"wpsisac-image-slide\">\r\t\t\t<a href=\"https:\/\/nevalogy.com\/tr\/whats-nonsense\/\">\r\t\t\t<div class=\"wpsisac-image-slide-wrap\" style=\"\">\r\t\t\t\t<img decoding=\"async\"  src=\"https:\/\/i0.wp.com\/nevalogy.com\/wp-content\/uploads\/2020\/08\/nonsense.jpg?fit=356%2C221&#038;ssl=1\" alt=\"What&#8217;s Nonsense\" \/>\r\t\t\t<\/div>\r\t\t<\/a>\r\t<\/div><div class=\"wpsisac-image-slide\">\r\t\t\t<a href=\"https:\/\/nevalogy.com\/tr\/whats-next\/\">\r\t\t\t<div class=\"wpsisac-image-slide-wrap\" style=\"\">\r\t\t\t\t<img decoding=\"async\"  src=\"https:\/\/i0.wp.com\/nevalogy.com\/wp-content\/uploads\/2020\/08\/next.jpg?fit=356%2C221&#038;ssl=1\" alt=\"What&#8217;s Next\" \/>\r\t\t\t<\/div>\r\t\t<\/a>\r\t<\/div><div class=\"wpsisac-image-slide\">\r\t\t\t<a href=\"https:\/\/nevalogy.com\/tr\/turkce\/\">\r\t\t\t<div class=\"wpsisac-image-slide-wrap\" style=\"\">\r\t\t\t\t<img decoding=\"async\"  src=\"https:\/\/i0.wp.com\/nevalogy.com\/wp-content\/uploads\/2020\/08\/turkish.jpg?fit=356%2C221&#038;ssl=1\" alt=\"Turkce\" \/>\r\t\t\t<\/div>\r\t\t<\/a>\r\t<\/div>\r\t\t\t<\/div>\r\t\t<\/div>\r\t\n<hr>\n<\/hr>\n\t\t\t\t\t\t\t\t<div class=\"pgcu-posts pgcu-theme-2 pgcu-carousel\"\n\t\t\t\t\t\t\t\t\tdata-pgcu-items=\"4\"\n\t\t\t\t\tdata-pgcu-margin=\"30\"\n\t\t\t\t\tdata-pgcu-loop=\"true\"\n\t\t\t\t\tdata-pgcu-perslide=\"2\"\n\t\t\t\t\tdata-pgcu-speed=\"3000\"\n\t\t\t\t\tdata-pgcu-autoplay='\t\t\t\t\t\t\t\t\t\t{\t\t\t\t\t\t\"delay\": \"2000\",\t\t\t\t\t\t\"pauseOnMouseEnter\": false,\t\t\t\t\t\t\"disableOnInteraction\": false,\t\t\t\t\t\t\"stopOnLastSlide\": true,\t\t\t\t\t\t\"reverseDirection\": false\t\t\t\t\t}\t\t\t\t\t\t\t\t\t' data-pgcu-responsive='{\t\t\t\t\t\t\"0\": {\"slidesPerView\": \"1\", \"spaceBetween\": \"20\", \"slidesPerGroup\":\"1\"},\t\t\t\t\t\t\"768\": {\"slidesPerView\": \"2\", \"spaceBetween\": \"30\", \"slidesPerGroup\":\"1\"},\t\t\t\t\t\t\"992\": {\"slidesPerView\": \"3\", \"spaceBetween\": \"30\", \"slidesPerGroup\":\"1\"},\t\t\t\t\t\t\"1200\": {\"slidesPerView\": \"3\", \"spaceBetween\": \"30\", \"slidesPerGroup\":\"1\"}\t\t\t\t\t}'\n\t\t\t\t\t\t\t\t>\n\n\t\t\t\t\t\n\n    \t\t\t\t<div class=\"swiper-wrapper\" style=\"\t\t\t\t\t--pgcu-titleColor: #33330E;    \t\t\t\t--pgcu-titleColorHover: #454c5e;\t\t\t\t\t--pgcu-excerptColor: #212121;\t\t\t\t\t--pgcu-readMoreColor: #ffffff;    \t\t\t\t--pgcu-readMoreColorHover: #454c5e;\t\t\t\t\t--pgcu-buttonFontSize: 14px;\t\t\t\t\t--pgcu-buttonColor: #030213;\t\t\t\t\t--pgcu-buttonColorHover: #ffffff;\t\t\t\t\t--pgcu-buttonBg: #EFEFEF;\t\t\t\t\t--pgcu-buttonBgHover: #030213;\t\t\t\t\">\n\n\t\t\t\t\t\t\n<div class=\"pgcu-post pgcu-post--rounded-border swiper-slide\">\n    <div class=\"pgcu-post__content\">\n\n        \n        <div class=\"pgcu-post__details\">\n\n                            <h2 class=\"pgcu-post__title\">\n                    <a href=\"https:\/\/nevalogy.com\/tr\/letter-to-the-centers-for-disease-control-and-prevention\/\">Letter To The Centers for Disease Control and Prevention<\/a>\n                <\/h2>\n            \n                            <p class=\"pgcu-post__excerpt\">\n                You can read my letter here to the Centers for Disease Control and Prevention stating my&hellip;                <\/p>\n            \n            \n                <a href=\"https:\/\/nevalogy.com\/tr\/letter-to-the-centers-for-disease-control-and-prevention\/\" class=\"pgcu-read-more pgcu-post__readmore\">\n                    Read More\n                                            <svg xmlns=\"http:\/\/www.w3.org\/2000\/svg\" viewbox=\"0 0 448 512\"><path d=\"M190.5 66.9l22.2-22.2c9.4-9.4 24.6-9.4 33.9 0L441 239c9.4 9.4 9.4 24.6 0 33.9L246.6 467.3c-9.4 9.4-24.6 9.4-33.9 0l-22.2-22.2c-9.5-9.5-9.3-25 .4-34.3L311.4 296H24c-13.3 0-24-10.7-24-24v-32c0-13.3 10.7-24 24-24h287.4L190.9 101.2c-9.8-9.3-10-24.8-.4-34.3z\"\/><\/svg>\n                    \n                <\/a>\n            \n        <\/div><!-- ends: .pgcu-post__details -->\n    <\/div><!-- ends: .pgcu-post__content -->\n<\/div><!-- ends: .pgcu-post -->\n\n    \n<div class=\"pgcu-post pgcu-post--rounded-border swiper-slide\">\n    <div class=\"pgcu-post__content\">\n\n                    <div class=\"pgcu-post__img\">\n                <a href=\"https:\/\/nevalogy.com\/tr\/nobel-tip-odulu-adayi-turk-anlatiyor-kuresel-salgin-nasil-asilir\/\">\n                <img data-recalc-dims=\"1\" height=\"200\" width=\"300\" decoding=\"async\" src=\"https:\/\/i0.wp.com\/nevalogy.com\/wp-content\/uploads\/2021\/04\/Neva-Banes.jpg?resize=300%2C200&#038;ssl=1\" alt=\"Nobel T\u0131p \u00d6d\u00fcl\u00fc Aday\u0131 T\u00fcrk anlat\u0131yor&#8230; K\u00fcresel Salg\u0131n nas\u0131l a\u015f\u0131l\u0131r?\">\n                <\/a>\n            <\/div><!-- ends: .pgcu-post__img -->\n        \n        <div class=\"pgcu-post__details\">\n\n                            <h2 class=\"pgcu-post__title\">\n                    <a href=\"https:\/\/nevalogy.com\/tr\/nobel-tip-odulu-adayi-turk-anlatiyor-kuresel-salgin-nasil-asilir\/\">Nobel T\u0131p \u00d6d\u00fcl\u00fc Aday\u0131 T\u00fcrk anlat\u0131yor&#8230; K\u00fcresel Salg\u0131n nas\u0131l a\u015f\u0131l\u0131r?<\/a>\n                <\/h2>\n            \n                            <p class=\"pgcu-post__excerpt\">\n                Neva \u00c7ift\u00e7io\u011flu Banes, t\u0131bbi mikrobiyolog. Ankara \u00dcniversitesi T\u0131p Fak\u00fcltesi\u2019nde doktoras\u0131n\u0131 ald\u0131ktan sonra, Finlandiya\u2019da 10 y\u0131l \u00e7al\u0131\u015farak&hellip;                <\/p>\n            \n            \n                <a href=\"https:\/\/nevalogy.com\/tr\/nobel-tip-odulu-adayi-turk-anlatiyor-kuresel-salgin-nasil-asilir\/\" class=\"pgcu-read-more pgcu-post__readmore\">\n                    Read More\n                                            <svg xmlns=\"http:\/\/www.w3.org\/2000\/svg\" viewbox=\"0 0 448 512\"><path d=\"M190.5 66.9l22.2-22.2c9.4-9.4 24.6-9.4 33.9 0L441 239c9.4 9.4 9.4 24.6 0 33.9L246.6 467.3c-9.4 9.4-24.6 9.4-33.9 0l-22.2-22.2c-9.5-9.5-9.3-25 .4-34.3L311.4 296H24c-13.3 0-24-10.7-24-24v-32c0-13.3 10.7-24 24-24h287.4L190.9 101.2c-9.8-9.3-10-24.8-.4-34.3z\"\/><\/svg>\n                    \n                <\/a>\n            \n        <\/div><!-- ends: .pgcu-post__details -->\n    <\/div><!-- ends: .pgcu-post__content -->\n<\/div><!-- ends: .pgcu-post -->\n\n    \n<div class=\"pgcu-post pgcu-post--rounded-border swiper-slide\">\n    <div class=\"pgcu-post__content\">\n\n                    <div class=\"pgcu-post__img\">\n                <a href=\"https:\/\/nevalogy.com\/tr\/first-rule-for-covid-positive-family-members\/\">\n                <img data-recalc-dims=\"1\" height=\"200\" width=\"300\" decoding=\"async\" src=\"https:\/\/i0.wp.com\/nevalogy.com\/wp-content\/uploads\/2020\/12\/Covid19-Elderly-Parents.jpg?resize=300%2C200&#038;ssl=1\" alt=\"First rule for Covid positive family members\">\n                <\/a>\n            <\/div><!-- ends: .pgcu-post__img -->\n        \n        <div class=\"pgcu-post__details\">\n\n                            <h2 class=\"pgcu-post__title\">\n                    <a href=\"https:\/\/nevalogy.com\/tr\/first-rule-for-covid-positive-family-members\/\">First rule for Covid positive family members<\/a>\n                <\/h2>\n            \n                            <p class=\"pgcu-post__excerpt\">\n                Creating a positive and uplifting environment is essential when dealing with Covid19 positive family members. [video&hellip;                <\/p>\n            \n            \n                <a href=\"https:\/\/nevalogy.com\/tr\/first-rule-for-covid-positive-family-members\/\" class=\"pgcu-read-more pgcu-post__readmore\">\n                    Read More\n                                            <svg xmlns=\"http:\/\/www.w3.org\/2000\/svg\" viewbox=\"0 0 448 512\"><path d=\"M190.5 66.9l22.2-22.2c9.4-9.4 24.6-9.4 33.9 0L441 239c9.4 9.4 9.4 24.6 0 33.9L246.6 467.3c-9.4 9.4-24.6 9.4-33.9 0l-22.2-22.2c-9.5-9.5-9.3-25 .4-34.3L311.4 296H24c-13.3 0-24-10.7-24-24v-32c0-13.3 10.7-24 24-24h287.4L190.9 101.2c-9.8-9.3-10-24.8-.4-34.3z\"\/><\/svg>\n                    \n                <\/a>\n            \n        <\/div><!-- ends: .pgcu-post__details -->\n    <\/div><!-- ends: .pgcu-post__content -->\n<\/div><!-- ends: .pgcu-post -->\n\n    \t\t\t\t\t\t\n\t\t\t\t\t<\/div>\n\n\t\t\t\t\t\t<div class=\"pgcu-carousel-nav pgcu-carousel-nav--circle pgcu-carousel-nav--middle\" style=\"        --pgcu-navArrowColor: #030517;        --pgcu-navArrowColorHover: #fff;        --pgcu-navBgColor: #f5f5f5;        --pgcu-navBgColorHover: #F31C1C;        --pgcu-navBorderColor: #f5f5f5;        --pgcu-navBorderColorHover: #F31C1C;    \">\n    <div class=\"pgcu-carousel-nav__btn pgcu-carousel-nav__btn--prev\">\n        <svg xmlns=\"http:\/\/www.w3.org\/2000\/svg\" viewbox=\"0 0 256 512\"><path d=\"M31.7 239l136-136c9.4-9.4 24.6-9.4 33.9 0l22.6 22.6c9.4 9.4 9.4 24.6 0 33.9L127.9 256l96.4 96.4c9.4 9.4 9.4 24.6 0 33.9L201.7 409c-9.4 9.4-24.6 9.4-33.9 0l-136-136c-9.5-9.4-9.5-24.6-.1-34z\"\/><\/svg>\n    <\/div>\n    <div class=\"pgcu-carousel-nav__btn pgcu-carousel-nav__btn--next\">\n        <svg xmlns=\"http:\/\/www.w3.org\/2000\/svg\" viewbox=\"0 0 256 512\"><path d=\"M224.3 273l-136 136c-9.4 9.4-24.6 9.4-33.9 0l-22.6-22.6c-9.4-9.4-9.4-24.6 0-33.9l96.4-96.4-96.4-96.4c-9.4-9.4-9.4-24.6 0-33.9L54.3 103c9.4-9.4 24.6-9.4 33.9 0l136 136c9.5 9.4 9.5 24.6.1 34z\"\/><\/svg>\n    <\/div>\n<\/div>\n\t\t\t\t<\/div>","protected":false},"excerpt":{"rendered":"","protected":false},"author":2,"featured_media":168,"parent":0,"menu_order":0,"comment_status":"closed","ping_status":"closed","template":"","meta":{"nf_dc_page":"","footnotes":""},"class_list":["post-130","page","type-page","status-publish","has-post-thumbnail","hentry"],"jetpack_sharing_enabled":true,"_links":{"self":[{"href":"https:\/\/nevalogy.com\/tr\/wp-json\/wp\/v2\/pages\/130","targetHints":{"allow":["GET"]}}],"collection":[{"href":"https:\/\/nevalogy.com\/tr\/wp-json\/wp\/v2\/pages"}],"about":[{"href":"https:\/\/nevalogy.com\/tr\/wp-json\/wp\/v2\/types\/page"}],"author":[{"embeddable":true,"href":"https:\/\/nevalogy.com\/tr\/wp-json\/wp\/v2\/users\/2"}],"replies":[{"embeddable":true,"href":"https:\/\/nevalogy.com\/tr\/wp-json\/wp\/v2\/comments?post=130"}],"version-history":[{"count":5,"href":"https:\/\/nevalogy.com\/tr\/wp-json\/wp\/v2\/pages\/130\/revisions"}],"predecessor-version":[{"id":294,"href":"https:\/\/nevalogy.com\/tr\/wp-json\/wp\/v2\/pages\/130\/revisions\/294"}],"wp:featuredmedia":[{"embeddable":true,"href":"https:\/\/nevalogy.com\/tr\/wp-json\/wp\/v2\/media\/168"}],"wp:attachment":[{"href":"https:\/\/nevalogy.com\/tr\/wp-json\/wp\/v2\/media?parent=130"}],"curies":[{"name":"wp","href":"https:\/\/api.w.org\/{rel}","templated":true}]}}