{"id":480,"date":"2020-08-24T20:15:24","date_gmt":"2020-08-24T20:15:24","guid":{"rendered":"https:\/\/nevalogy.com\/\/?page_id=480"},"modified":"2020-08-24T20:18:26","modified_gmt":"2020-08-24T20:18:26","slug":"turkce","status":"publish","type":"page","link":"https:\/\/nevalogy.com\/tr\/turkce\/","title":{"rendered":"T\u00dcRK\u00c7E"},"content":{"rendered":"<hr>\n<\/hr>\n      <div id=\"post-grid-lazy-484\" class=\"post-grid-lazy\"><img decoding=\"async\" alt=\"\" src=\"\" \/><\/div>\n    <script>\n      jQuery('#post-grid-lazy-484').ready(function($) {\n        $('#post-grid-lazy-484').fadeOut();\n        $('#post-grid-484   ').fadeIn();\n      })\n    <\/script>\n    <style type=\"text\/css\">\n      #post-grid-484 {\n        display: none;\n      }\n\n      .post-grid-lazy {\n        text-align: center;\n      }\n    <\/style>\n    <div data-options='{&quot;id&quot;:&quot;484&quot;,&quot;lazy_load&quot;:&quot;yes&quot;,&quot;masonry_enable&quot;:&quot;no&quot;,&quot;view_type&quot;:&quot;grid&quot;}' id=\"post-grid-484\" class=\"post-grid grid\">\n    \n\n\n    <div class=\"grid-items\">\n      <div class=\"item item-700 skin flat even 0\">\n        <div class=\"layer-wrapper layout-\">\n        <div class=\"layer-media\"><a href=\"https:\/\/nevalogy.com\/tr\/nobel-tip-odulu-adayi-turk-anlatiyor-kuresel-salgin-nasil-asilir\/\"><img decoding=\"async\" alt=\"Nobel T\u0131p \u00d6d\u00fcl\u00fc Aday\u0131 T\u00fcrk anlat\u0131yor... K\u00fcresel Salg\u0131n nas\u0131l a\u015f\u0131l\u0131r?\" src=\"https:\/\/i0.wp.com\/nevalogy.com\/wp-content\/uploads\/2021\/04\/Neva-Banes.jpg?fit=939%2C516&amp;ssl=1\" \/><\/a><\/div>\n  <div class=\"layer-content\">\n        <div\r\n        class=\"element element_0  element-media\">\r\n        <a target=\"_self\" href=\"https:\/\/nevalogy.com\/tr\/nobel-tip-odulu-adayi-turk-anlatiyor-kuresel-salgin-nasil-asilir\/\"><img loading=\"lazy\" decoding=\"async\" width=\"939\" height=\"516\" src=\"https:\/\/i0.wp.com\/nevalogy.com\/wp-content\/uploads\/2021\/04\/Neva-Banes.jpg?fit=939%2C516&amp;ssl=1\" class=\"attachment-large size-large wp-post-image\" alt=\"Nobel T\u0131p \u00d6d\u00fcl\u00fc Aday\u0131 T\u00fcrk anlat\u0131yor... K\u00fcresel Salg\u0131n nas\u0131l a\u015f\u0131l\u0131r?\" \/><\/a>    <\/div>\r\n    <div class=\"element element_1  title_link\">\r\n                    <a target=\"\"\r\n                href=\"https:\/\/nevalogy.com\/tr\/nobel-tip-odulu-adayi-turk-anlatiyor-kuresel-salgin-nasil-asilir\/\">Nobel T\u0131p \u00d6d\u00fcl\u00fc Aday\u0131 T\u00fcrk anlat\u0131yor&#8230; K\u00fcresel Salg\u0131n nas\u0131l a\u015f\u0131l\u0131r?<\/a>\r\n            <\/div>\r\n    <div class=\"element element_2  excerpt\">\r\n        Neva \u00c7ift\u00e7io\u011flu Banes, t\u0131bbi mikrobiyolog. Ankara \u00dcniversitesi T\u0131p Fak\u00fcltesi\u2019nde doktoras\u0131n\u0131 ald\u0131ktan sonra, Finlandiya\u2019da 10 y\u0131l \u00e7al\u0131\u015farak do\u00e7entlik unvan\u0131n\u0131 da alm\u0131\u015f            <\/div>\r\n            <a class=\"element element_3  read_more\"\r\n            target=\"\"\r\n            href=\"https:\/\/nevalogy.com\/tr\/nobel-tip-odulu-adayi-turk-anlatiyor-kuresel-salgin-nasil-asilir\/\"><\/a>\r\n      <\/div>\n    <\/div>\n  <\/div><div class=\"item item-665 skin flat odd 1\">\n        <div class=\"layer-wrapper layout-\">\n        <div class=\"layer-media\"><a href=\"https:\/\/nevalogy.com\/tr\/covid-positive-aileme-getirdigim-ilk-kural\/\"><img decoding=\"async\" alt=\"Elderly Parents with Covid19\" src=\"https:\/\/i0.wp.com\/nevalogy.com\/wp-content\/uploads\/2020\/12\/Elderly-Parents.jpg?fit=500%2C500&amp;ssl=1\" \/><\/a><\/div>\n  <div class=\"layer-content\">\n        <div\r\n        class=\"element element_0  element-media\">\r\n        <a target=\"_self\" href=\"https:\/\/nevalogy.com\/tr\/covid-positive-aileme-getirdigim-ilk-kural\/\"><img loading=\"lazy\" decoding=\"async\" width=\"500\" height=\"500\" src=\"https:\/\/i0.wp.com\/nevalogy.com\/wp-content\/uploads\/2020\/12\/Elderly-Parents.jpg?fit=500%2C500&amp;ssl=1\" class=\"attachment-large size-large wp-post-image\" alt=\"Elderly Parents with Covid19\" \/><\/a>    <\/div>\r\n    <div class=\"element element_1  title_link\">\r\n                    <a target=\"\"\r\n                href=\"https:\/\/nevalogy.com\/tr\/covid-positive-aileme-getirdigim-ilk-kural\/\">Covid positive aileme getirdigim ilk kural<\/a>\r\n            <\/div>\r\n    <div class=\"element element_2  excerpt\">\r\n        Covid19 pozitif aile \u00fcyeleriyle u\u011fra\u015f\u0131rken pozitif ve ne\u015felendirici bir ortam yaratmak \u00e7ok \u00f6nemlidir. This has been translated to Turkish            <\/div>\r\n            <a class=\"element element_3  read_more\"\r\n            target=\"\"\r\n            href=\"https:\/\/nevalogy.com\/tr\/covid-positive-aileme-getirdigim-ilk-kural\/\"><\/a>\r\n      <\/div>\n    <\/div>\n  <\/div><div class=\"item item-676 skin flat even 2\">\n        <div class=\"layer-wrapper layout-\">\n        <div class=\"layer-media\"><a href=\"https:\/\/nevalogy.com\/tr\/covid-pozitif-aile-buyukleriyle-ilk-gun-duygusal-ya-da-mantiksal-olmak\/\"><img decoding=\"async\" alt=\"Covid pozitif aile b\u00fcy\u00fckleriyle ilk g\u00fcn (duygusal ya da mantiksal olmak!)\" src=\"https:\/\/i0.wp.com\/nevalogy.com\/wp-content\/uploads\/2020\/12\/Elderly-Parents-Srticken-By-Covid19-Turkish.jpg?fit=500%2C500&amp;ssl=1\" \/><\/a><\/div>\n  <div class=\"layer-content\">\n        <div\r\n        class=\"element element_0  element-media\">\r\n        <a target=\"_self\" href=\"https:\/\/nevalogy.com\/tr\/covid-pozitif-aile-buyukleriyle-ilk-gun-duygusal-ya-da-mantiksal-olmak\/\"><img loading=\"lazy\" decoding=\"async\" width=\"500\" height=\"500\" src=\"https:\/\/i0.wp.com\/nevalogy.com\/wp-content\/uploads\/2020\/12\/Elderly-Parents-Srticken-By-Covid19-Turkish.jpg?fit=500%2C500&amp;ssl=1\" class=\"attachment-large size-large wp-post-image\" alt=\"Covid pozitif aile b\u00fcy\u00fckleriyle ilk g\u00fcn (duygusal ya da mantiksal olmak!)\" \/><\/a>    <\/div>\r\n    <div class=\"element element_1  title_link\">\r\n                    <a target=\"\"\r\n                href=\"https:\/\/nevalogy.com\/tr\/covid-pozitif-aile-buyukleriyle-ilk-gun-duygusal-ya-da-mantiksal-olmak\/\">Covid pozitif aile b\u00fcy\u00fckleriyle ilk g\u00fcn (duygusal ya da mantiksal olmak!<\/a>\r\n            <\/div>\r\n    <div class=\"element element_2  excerpt\">\r\n        Covid pozitif aile b\u00fcy\u00fckleriyle ilk g\u00fcn (duygusal ya da mantiksal\u00a0olmak! Translated To Turkish            <\/div>\r\n            <a class=\"element element_3  read_more\"\r\n            target=\"\"\r\n            href=\"https:\/\/nevalogy.com\/tr\/covid-pozitif-aile-buyukleriyle-ilk-gun-duygusal-ya-da-mantiksal-olmak\/\"><\/a>\r\n      <\/div>\n    <\/div>\n  <\/div><div class=\"item item-653 skin flat odd 3\">\n        <div class=\"layer-wrapper layout-\">\n        <div class=\"layer-media\"><a href=\"https:\/\/nevalogy.com\/tr\/acil-durum-gezisi-ev\/\"><img decoding=\"async\" alt=\"\" src=\"https:\/\/i0.wp.com\/nevalogy.com\/wp-content\/uploads\/2020\/12\/Emergency-Trip-To-Turkey-Turkish.jpg?fit=500%2C500&amp;ssl=1\" \/><\/a><\/div>\n  <div class=\"layer-content\">\n        <div\r\n        class=\"element element_0  element-media\">\r\n        <a target=\"_self\" href=\"https:\/\/nevalogy.com\/tr\/acil-durum-gezisi-ev\/\"><img loading=\"lazy\" decoding=\"async\" width=\"500\" height=\"500\" src=\"https:\/\/i0.wp.com\/nevalogy.com\/wp-content\/uploads\/2020\/12\/Emergency-Trip-To-Turkey-Turkish.jpg?fit=500%2C500&amp;ssl=1\" class=\"attachment-large size-large wp-post-image\" alt=\"\" \/><\/a>    <\/div>\r\n    <div class=\"element element_1  title_link\">\r\n                    <a target=\"\"\r\n                href=\"https:\/\/nevalogy.com\/tr\/acil-durum-gezisi-ev\/\">AC\u0130L DURUM EV GEZ\u0130S\u0130<\/a>\r\n            <\/div>\r\n    <div class=\"element element_2  excerpt\">\r\n        Ailemin Covid19'dan etkilendi\u011fini duyduktan sonra, bu zor zamanda onlara yard\u0131m etmek i\u00e7in T\u00fcrkiye'ye gidiyorum. This Article is posted in Turkish.            <\/div>\r\n            <a class=\"element element_3  read_more\"\r\n            target=\"\"\r\n            href=\"https:\/\/nevalogy.com\/tr\/acil-durum-gezisi-ev\/\"><\/a>\r\n      <\/div>\n    <\/div>\n  <\/div><div class=\"item item-596 skin flat even 4\">\n        <div class=\"layer-wrapper layout-\">\n        <div class=\"layer-media\"><a href=\"https:\/\/nevalogy.com\/tr\/ile-roportaj-melis-bursin-ve-dr-neva-ciftcioglu-banes\/\"><img decoding=\"async\" alt=\"Melis Bursin\" src=\"https:\/\/i0.wp.com\/nevalogy.com\/wp-content\/uploads\/2020\/09\/Melis-Bursin.jpg?fit=225%2C225&amp;ssl=1\" \/><\/a><\/div>\n  <div class=\"layer-content\">\n        <div\r\n        class=\"element element_0  element-media\">\r\n        <a target=\"_self\" href=\"https:\/\/nevalogy.com\/tr\/ile-roportaj-melis-bursin-ve-dr-neva-ciftcioglu-banes\/\"><img loading=\"lazy\" decoding=\"async\" width=\"225\" height=\"225\" src=\"https:\/\/i0.wp.com\/nevalogy.com\/wp-content\/uploads\/2020\/09\/Melis-Bursin.jpg?fit=225%2C225&amp;ssl=1\" class=\"attachment-large size-large wp-post-image\" alt=\"Melis Bursin\" \/><\/a>    <\/div>\r\n    <div class=\"element element_1  title_link\">\r\n                    <a target=\"\"\r\n                href=\"https:\/\/nevalogy.com\/tr\/ile-roportaj-melis-bursin-ve-dr-neva-ciftcioglu-banes\/\">R\u00f6portaj Melis Bursin ve Dr. Neva \u00c7ift\u00e7io\u011flu Banes.<\/a>\r\n            <\/div>\r\n    <div class=\"element element_2  excerpt\">\r\n        R\u00f6portaj Melis Bursin ve Dr. Neva \u00c7ift\u00e7io\u011flu Banes. Tart\u0131\u015fma konusu ba\u015far\u0131 nedir? Dr. Neva \u00c7ift\u00e7io\u011flu Banes, bilim anlay\u0131\u015f\u0131 nezaket ve            <\/div>\r\n            <a class=\"element element_3  read_more\"\r\n            target=\"\"\r\n            href=\"https:\/\/nevalogy.com\/tr\/ile-roportaj-melis-bursin-ve-dr-neva-ciftcioglu-banes\/\"><\/a>\r\n      <\/div>\n    <\/div>\n  <\/div><div class=\"item item-53 skin flat odd 5\">\n        <div class=\"layer-wrapper layout-\">\n        <div class=\"layer-media\"><a href=\"https:\/\/nevalogy.com\/tr\/biko\/\"><img decoding=\"async\" alt=\"\" src=\"https:\/\/i0.wp.com\/nevalogy.com\/wp-content\/uploads\/2020\/08\/pic00135_0.jpg?fit=700%2C650&amp;ssl=1\" \/><\/a><\/div>\n  <div class=\"layer-content\">\n        <div\r\n        class=\"element element_0  element-media\">\r\n        <a target=\"_self\" href=\"https:\/\/nevalogy.com\/tr\/biko\/\"><img loading=\"lazy\" decoding=\"async\" width=\"700\" height=\"650\" src=\"https:\/\/i0.wp.com\/nevalogy.com\/wp-content\/uploads\/2020\/08\/pic00135_0.jpg?fit=700%2C650&amp;ssl=1\" class=\"attachment-large size-large wp-post-image\" alt=\"\" \/><\/a>    <\/div>\r\n    <div class=\"element element_1  title_link\">\r\n                    <a target=\"\"\r\n                href=\"https:\/\/nevalogy.com\/tr\/biko\/\">B\u0130KO<\/a>\r\n            <\/div>\r\n    <div class=\"element element_2  excerpt\">\r\n        \u0130nsanlar var\u2026. K\u00f6pekler var\u2026. Biliyormusunuz? \u0130nsan\u0131ms\u0131 k\u00f6pekler de var\u2026. Asl\u0131nda her k\u00f6pe\u011fin hayat\u0131 bir kitap olabilir ama k\u0131sac\u0131k hayatlar\u0131nda bir            <\/div>\r\n            <a class=\"element element_3  read_more\"\r\n            target=\"\"\r\n            href=\"https:\/\/nevalogy.com\/tr\/biko\/\"><\/a>\r\n      <\/div>\n    <\/div>\n  <\/div><div class=\"item item-251 skin flat even 6\">\n        <div class=\"layer-wrapper layout-\">\n        <div class=\"layer-media\"><a href=\"https:\/\/nevalogy.com\/tr\/coronavirus-covid-19-ve-kirmizi-kurdele\/\"><img decoding=\"async\" alt=\"\" src=\"https:\/\/i0.wp.com\/nevalogy.com\/wp-content\/uploads\/2020\/08\/corona.jpg?fit=700%2C485&amp;ssl=1\" \/><\/a><\/div>\n  <div class=\"layer-content\">\n        <div\r\n        class=\"element element_0  element-media\">\r\n        <a target=\"_self\" href=\"https:\/\/nevalogy.com\/tr\/coronavirus-covid-19-ve-kirmizi-kurdele\/\"><img loading=\"lazy\" decoding=\"async\" width=\"700\" height=\"485\" src=\"https:\/\/i0.wp.com\/nevalogy.com\/wp-content\/uploads\/2020\/08\/corona.jpg?fit=700%2C485&amp;ssl=1\" class=\"attachment-large size-large wp-post-image\" alt=\"\" \/><\/a>    <\/div>\r\n    <div class=\"element element_1  title_link\">\r\n                    <a target=\"\"\r\n                href=\"https:\/\/nevalogy.com\/tr\/coronavirus-covid-19-ve-kirmizi-kurdele\/\">CORONAV\u0130R\u00dcS (COVID-19) VE KIRMIZI KURDELE!<\/a>\r\n            <\/div>\r\n    <div class=\"element element_2  excerpt\">\r\n        G\u00f6n\u00fcll\u00fc olarak hijyen anlatmak \u00fczere bir kre\u015fe gitmi\u015ftim. Dikkatlerini \u00e7ekeyim diye miki fareli ti\u015f\u00f6rt giydim, sa\u00e7\u0131m\u0131 da k\u0131rm\u0131z\u0131 bir kurdeleyle            <\/div>\r\n            <a class=\"element element_3  read_more\"\r\n            target=\"\"\r\n            href=\"https:\/\/nevalogy.com\/tr\/coronavirus-covid-19-ve-kirmizi-kurdele\/\"><\/a>\r\n      <\/div>\n    <\/div>\n  <\/div><div class=\"item item-254 skin flat odd 7\">\n        <div class=\"layer-wrapper layout-\">\n        <div class=\"layer-media\"><a href=\"https:\/\/nevalogy.com\/tr\/dunya-bizi-affet\/\"><img decoding=\"async\" alt=\"\" src=\"https:\/\/i0.wp.com\/nevalogy.com\/wp-content\/uploads\/2020\/08\/rendered.jpg?fit=700%2C700&amp;ssl=1\" \/><\/a><\/div>\n  <div class=\"layer-content\">\n        <div\r\n        class=\"element element_0  element-media\">\r\n        <a target=\"_self\" href=\"https:\/\/nevalogy.com\/tr\/dunya-bizi-affet\/\"><img loading=\"lazy\" decoding=\"async\" width=\"700\" height=\"700\" src=\"https:\/\/i0.wp.com\/nevalogy.com\/wp-content\/uploads\/2020\/08\/rendered.jpg?fit=700%2C700&amp;ssl=1\" class=\"attachment-large size-large wp-post-image\" alt=\"\" \/><\/a>    <\/div>\r\n    <div class=\"element element_1  title_link\">\r\n                    <a target=\"\"\r\n                href=\"https:\/\/nevalogy.com\/tr\/dunya-bizi-affet\/\">D\u00dcNYA B\u0130Z\u0130 AFFET!<\/a>\r\n            <\/div>\r\n    <div class=\"element element_2  excerpt\">\r\n        \u00dcLKEM\u0130ZDE ve d\u00fcnya genelinde g\u00f6zledi\u011fimiz politik de\u011fi\u015fimler akl\u0131ma Gaia teorisini getirdi. 1979 y\u0131l\u0131nda ortaya at\u0131lan bu teori, Mars'ta hayat ara\u015ft\u0131rma            <\/div>\r\n            <a class=\"element element_3  read_more\"\r\n            target=\"\"\r\n            href=\"https:\/\/nevalogy.com\/tr\/dunya-bizi-affet\/\"><\/a>\r\n      <\/div>\n    <\/div>\n  <\/div><div class=\"item item-277 skin flat even 8\">\n        <div class=\"layer-wrapper layout-\">\n        <div class=\"layer-media\"><a href=\"https:\/\/nevalogy.com\/tr\/ramazan\/\"><img decoding=\"async\" alt=\"\" src=\"https:\/\/i0.wp.com\/nevalogy.com\/wp-content\/uploads\/2020\/08\/shutterstock_252445081_0.jpg?fit=700%2C467&amp;ssl=1\" \/><\/a><\/div>\n  <div class=\"layer-content\">\n        <div\r\n        class=\"element element_0  element-media\">\r\n        <a target=\"_self\" href=\"https:\/\/nevalogy.com\/tr\/ramazan\/\"><img loading=\"lazy\" decoding=\"async\" width=\"700\" height=\"467\" src=\"https:\/\/i0.wp.com\/nevalogy.com\/wp-content\/uploads\/2020\/08\/shutterstock_252445081_0.jpg?fit=700%2C467&amp;ssl=1\" class=\"attachment-large size-large wp-post-image\" alt=\"\" \/><\/a>    <\/div>\r\n    <div class=\"element element_1  title_link\">\r\n                    <a target=\"\"\r\n                href=\"https:\/\/nevalogy.com\/tr\/ramazan\/\">RAMAZAN<\/a>\r\n            <\/div>\r\n    <div class=\"element element_2  excerpt\">\r\n        RAMAZAN geldi, acaba oru\u00e7 tutmakla ilgili ne t\u00fcr bilimsel ara\u015ft\u0131rmalar var, neler yaz\u0131l\u0131p \u00e7izilmi\u015f diye uluslararas\u0131 haberleri g\u00f6zden ge\u00e7irdim. Ge\u00e7en            <\/div>\r\n            <a class=\"element element_3  read_more\"\r\n            target=\"\"\r\n            href=\"https:\/\/nevalogy.com\/tr\/ramazan\/\"><\/a>\r\n      <\/div>\n    <\/div>\n  <\/div><div class=\"item item-278 skin flat odd 9\">\n        <div class=\"layer-wrapper layout-\">\n        <div class=\"layer-media\"><a href=\"https:\/\/nevalogy.com\/tr\/cisli-havuz\/\"><img decoding=\"async\" alt=\"\" src=\"https:\/\/i0.wp.com\/nevalogy.com\/wp-content\/uploads\/2020\/08\/pool.jpg?fit=644%2C514&amp;ssl=1\" \/><\/a><\/div>\n  <div class=\"layer-content\">\n        <div\r\n        class=\"element element_0  element-media\">\r\n        <a target=\"_self\" href=\"https:\/\/nevalogy.com\/tr\/cisli-havuz\/\"><img loading=\"lazy\" decoding=\"async\" width=\"644\" height=\"514\" src=\"https:\/\/i0.wp.com\/nevalogy.com\/wp-content\/uploads\/2020\/08\/pool.jpg?fit=644%2C514&amp;ssl=1\" class=\"attachment-large size-large wp-post-image\" alt=\"\" \/><\/a>    <\/div>\r\n    <div class=\"element element_1  title_link\">\r\n                    <a target=\"\"\r\n                href=\"https:\/\/nevalogy.com\/tr\/cisli-havuz\/\">\u00c7\u0130\u015e&#8217;L\u0130 HAVUZ!<\/a>\r\n            <\/div>\r\n    <div class=\"element element_2  excerpt\">\r\n        Her ne sebeple olursa olsun ya\u015fanan hayal k\u0131r\u0131kl\u0131klar\u0131n\u0131n ard\u0131ndan hissedilen duygular \u00e7o\u011fumuzda ayn\u0131d\u0131r: \u00e7aresizlik, umutsuzluk, kin, nefret ve ka\u00e7\u0131p kurtulma            <\/div>\r\n            <a class=\"element element_3  read_more\"\r\n            target=\"\"\r\n            href=\"https:\/\/nevalogy.com\/tr\/cisli-havuz\/\"><\/a>\r\n      <\/div>\n    <\/div>\n  <\/div>    <\/div>\n    <div class=\"pagination\">\n      <div class=\"paginate\">\n    <span aria-current=\"page\" class=\"page-numbers current\">1<\/span>\n<a class=\"page-numbers\" href=\"https:\/\/nevalogy.com\/tr\/wp-json\/wp\/v2\/pages\/480\/page\/2\/\">2<\/a>\n<a class=\"page-numbers\" href=\"https:\/\/nevalogy.com\/tr\/wp-json\/wp\/v2\/pages\/480\/page\/3\/\">3<\/a>\n<a class=\"next page-numbers\" href=\"https:\/\/nevalogy.com\/tr\/wp-json\/wp\/v2\/pages\/480\/page\/2\/\">Next \u00bb<\/a>  <\/div>\n  <style type=\"text\/css\">\n    #post-grid-484 .pagination .page-numbers {\n      font-size: 16px;\n      color: #fff;\n      background: #646464;\n    }\n\n    #post-grid-484 .pagination .page-numbers:hover,\n    #post-grid-484 .pagination .page-numbers.current {\n      background: #4b4b4b;\n    }\n  <\/style>\n  <\/div>\n      <script>\n          <\/script>\n    <style type=\"text\/css\">\n    #post-grid-484 .element_0 {\n      display: block;font-size: 21px;line-height: normal;padding: 5px 10px;text-align: left; text-decoration: none;    }\n\n    #post-grid-484 .element_1 {\n      display: block;font-size: 21px;line-height: normal;padding: 5px 10px;text-align: left; text-decoration: none;    }\n\n    #post-grid-484 .element_2 {\n      display: block;font-size: 14px;padding: 5px 10px;text-align: left;    }\n\n    #post-grid-484 .element_3 {\n      display: block;font-size: 12px;font-weight: bold;padding: 0 10px;text-align: left;text-decoration: none;    }\n\n    #post-grid-484 .element_0:hover{}#post-grid-484 .element_1:hover{}#post-grid-484 .element_2:hover{}#post-grid-484 .element_3:hover{}  <\/style>\n  <style type=\"text\/css\">\n    #post-grid-484 {\n      padding: 10px;\n          }\n\n    #post-grid-484 .item {\n      padding: 0px;\n      background: #fff;\n          }\n\n    #post-grid-484 .item .layer-media {\n      height:auto;    }\n\n    @media only screen and (min-width: 0px) and (max-width: 767px) {\n      #post-grid-484 .grid-items {\n        text-align: center;\n              }\n\n      #post-grid-484 .item {\n        width: 90%;\n        margin: 10px;\n        display: inline-block;\n        vertical-align: top;\n        height:auto;      }\n    }\n\n    @media only screen and (min-width: 768px) and (max-width: 1023px) {\n      #post-grid-484 .grid-items {\n        text-align: center;\n              }\n\n      #post-grid-484 .item {\n        width: 280px;\n        margin: 10px;\n        display: inline-block;\n        vertical-align: top;\n        max-height:auto;      }\n    }\n\n    @media only screen and (min-width: 1024px) {\n      #post-grid-484 .grid-items {\n        text-align: center;\n              }\n\n      #post-grid-484 .item {\n        width: 280px;\n        display: inline-block;\n        margin: 10px;\n        vertical-align: top;\n        height:auto;      }\n    }\n\n      <\/style>\n  <\/div>","protected":false},"excerpt":{"rendered":"","protected":false},"author":2,"featured_media":481,"parent":0,"menu_order":0,"comment_status":"closed","ping_status":"closed","template":"","meta":{"nf_dc_page":"","footnotes":""},"class_list":["post-480","page","type-page","status-publish","has-post-thumbnail","hentry"],"jetpack_sharing_enabled":true,"_links":{"self":[{"href":"https:\/\/nevalogy.com\/tr\/wp-json\/wp\/v2\/pages\/480","targetHints":{"allow":["GET"]}}],"collection":[{"href":"https:\/\/nevalogy.com\/tr\/wp-json\/wp\/v2\/pages"}],"about":[{"href":"https:\/\/nevalogy.com\/tr\/wp-json\/wp\/v2\/types\/page"}],"author":[{"embeddable":true,"href":"https:\/\/nevalogy.com\/tr\/wp-json\/wp\/v2\/users\/2"}],"replies":[{"embeddable":true,"href":"https:\/\/nevalogy.com\/tr\/wp-json\/wp\/v2\/comments?post=480"}],"version-history":[{"count":2,"href":"https:\/\/nevalogy.com\/tr\/wp-json\/wp\/v2\/pages\/480\/revisions"}],"predecessor-version":[{"id":485,"href":"https:\/\/nevalogy.com\/tr\/wp-json\/wp\/v2\/pages\/480\/revisions\/485"}],"wp:featuredmedia":[{"embeddable":true,"href":"https:\/\/nevalogy.com\/tr\/wp-json\/wp\/v2\/media\/481"}],"wp:attachment":[{"href":"https:\/\/nevalogy.com\/tr\/wp-json\/wp\/v2\/media?parent=480"}],"curies":[{"name":"wp","href":"https:\/\/api.w.org\/{rel}","templated":true}]}}