{"id":639,"date":"2020-12-16T14:33:27","date_gmt":"2020-12-16T14:33:27","guid":{"rendered":"https:\/\/nevalogy.com\/?page_id=639"},"modified":"2020-12-17T17:46:32","modified_gmt":"2020-12-17T17:46:32","slug":"elderly-care-during-covid19","status":"publish","type":"page","link":"https:\/\/nevalogy.com\/tr\/elderly-care-during-covid19\/","title":{"rendered":"Elderly Care During Covid19"},"content":{"rendered":"<h1>Care of Loved Ones During The Covid-19 Pandemic<\/h1>\n<p>Covid-19 has stressed almost every factor of life. As the pandemic rages, many of us feel helpless in<br \/>\nwhat they could do to comfort and care for a loved one who has been stricken by the virus. In many<br \/>\ncases, family members that were either at risk or in critical condition due to the virus are left alone in<br \/>\nquarantine with an uncertain future.<\/p>\n<p>As humans, we are born with empathy and love for one another. When it comes to your parents, that is<br \/>\na bond no stronger. As you get older in life and as their children, you want to make sure that your<br \/>\nparents or family members are safe, secure, and comfortable as they did for you when you were a child.<br \/>\nThe Corona Virus is plaguing our elderly population. In many cases, without proper care, it is extremely<br \/>\ndetrimental to their well being. I find myself now facing this hardship, as my parents are now infected<br \/>\nwith Covid-19. As a scientist and medical microbiologist, I understand the risk of contracting the<br \/>\ndisease. But, I also know that if we are to find a way to break this cycle of helplessness, I must overcome<br \/>\nfear and go to them, bringing all my knowledge and precautions to the forefront.<\/p>\n<p>I am sharing this journey in hopes that it helps others and shows that, with sensible precautions and<br \/>\ncontainment measures, we still can be a part of our parent&#8217;s life through what may be the most difficult<br \/>\nlife experience one can have with an aging loved one.<\/p>\n<p>We cannot forget our elderly or leave them to pass alone.<\/p>\n      <div id=\"post-grid-lazy-647\" class=\"post-grid-lazy\"><img decoding=\"async\" alt=\"\" src=\"\" \/><\/div>\n    <script>\n      jQuery('#post-grid-lazy-647').ready(function($) {\n        $('#post-grid-lazy-647').fadeOut();\n        $('#post-grid-647   ').fadeIn();\n      })\n    <\/script>\n    <style type=\"text\/css\">\n      #post-grid-647 {\n        display: none;\n      }\n\n      .post-grid-lazy {\n        text-align: center;\n      }\n    <\/style>\n    <div data-options='{&quot;id&quot;:&quot;647&quot;,&quot;lazy_load&quot;:&quot;yes&quot;,&quot;masonry_enable&quot;:&quot;no&quot;,&quot;view_type&quot;:&quot;grid&quot;}' id=\"post-grid-647\" class=\"post-grid grid\">\n    \n\n\n    <div class=\"grid-items\">\n      <div class=\"item item-669 skin flat even 0\">\n        <div class=\"layer-wrapper layout-\">\n        <div class=\"layer-media\"><a href=\"https:\/\/nevalogy.com\/tr\/first-rule-for-covid-positive-family-members\/\"><img decoding=\"async\" alt=\"Covid19 Elderly Parents\" src=\"https:\/\/i0.wp.com\/nevalogy.com\/wp-content\/uploads\/2020\/12\/Covid19-Elderly-Parents.jpg?fit=500%2C500&amp;ssl=1\" \/><\/a><\/div>\n  <div class=\"layer-content\">\n        <div\r\n        class=\"element element_0  element-media\">\r\n        <a target=\"_self\" href=\"https:\/\/nevalogy.com\/tr\/first-rule-for-covid-positive-family-members\/\"><img loading=\"lazy\" decoding=\"async\" width=\"500\" height=\"500\" src=\"https:\/\/i0.wp.com\/nevalogy.com\/wp-content\/uploads\/2020\/12\/Covid19-Elderly-Parents.jpg?fit=500%2C500&amp;ssl=1\" class=\"attachment-large size-large wp-post-image\" alt=\"Covid19 Elderly Parents\" \/><\/a>    <\/div>\r\n    <div class=\"element element_1  title_link\">\r\n                    <a target=\"\"\r\n                href=\"https:\/\/nevalogy.com\/tr\/first-rule-for-covid-positive-family-members\/\">First rule for Covid positive family members<\/a>\r\n            <\/div>\r\n    <div class=\"element element_2  excerpt\">\r\n        Creating a positive and uplifting environment is essential when dealing with Covid19 positive family members.            <\/div>\r\n            <a class=\"element element_3  read_more\"\r\n            target=\"\"\r\n            href=\"https:\/\/nevalogy.com\/tr\/first-rule-for-covid-positive-family-members\/\"><\/a>\r\n      <\/div>\n    <\/div>\n  <\/div><div class=\"item item-665 skin flat odd 1\">\n        <div class=\"layer-wrapper layout-\">\n        <div class=\"layer-media\"><a href=\"https:\/\/nevalogy.com\/tr\/covid-positive-aileme-getirdigim-ilk-kural\/\"><img decoding=\"async\" alt=\"Elderly Parents with Covid19\" src=\"https:\/\/i0.wp.com\/nevalogy.com\/wp-content\/uploads\/2020\/12\/Elderly-Parents.jpg?fit=500%2C500&amp;ssl=1\" \/><\/a><\/div>\n  <div class=\"layer-content\">\n        <div\r\n        class=\"element element_0  element-media\">\r\n        <a target=\"_self\" href=\"https:\/\/nevalogy.com\/tr\/covid-positive-aileme-getirdigim-ilk-kural\/\"><img loading=\"lazy\" decoding=\"async\" width=\"500\" height=\"500\" src=\"https:\/\/i0.wp.com\/nevalogy.com\/wp-content\/uploads\/2020\/12\/Elderly-Parents.jpg?fit=500%2C500&amp;ssl=1\" class=\"attachment-large size-large wp-post-image\" alt=\"Elderly Parents with Covid19\" \/><\/a>    <\/div>\r\n    <div class=\"element element_1  title_link\">\r\n                    <a target=\"\"\r\n                href=\"https:\/\/nevalogy.com\/tr\/covid-positive-aileme-getirdigim-ilk-kural\/\">Covid positive aileme getirdigim ilk kural<\/a>\r\n            <\/div>\r\n    <div class=\"element element_2  excerpt\">\r\n        Covid19 pozitif aile \u00fcyeleriyle u\u011fra\u015f\u0131rken pozitif ve ne\u015felendirici bir ortam yaratmak \u00e7ok \u00f6nemlidir. This has been translated to Turkish            <\/div>\r\n            <a class=\"element element_3  read_more\"\r\n            target=\"\"\r\n            href=\"https:\/\/nevalogy.com\/tr\/covid-positive-aileme-getirdigim-ilk-kural\/\"><\/a>\r\n      <\/div>\n    <\/div>\n  <\/div><div class=\"item item-676 skin flat even 2\">\n        <div class=\"layer-wrapper layout-\">\n        <div class=\"layer-media\"><a href=\"https:\/\/nevalogy.com\/tr\/covid-pozitif-aile-buyukleriyle-ilk-gun-duygusal-ya-da-mantiksal-olmak\/\"><img decoding=\"async\" alt=\"Covid pozitif aile b\u00fcy\u00fckleriyle ilk g\u00fcn (duygusal ya da mantiksal olmak!)\" src=\"https:\/\/i0.wp.com\/nevalogy.com\/wp-content\/uploads\/2020\/12\/Elderly-Parents-Srticken-By-Covid19-Turkish.jpg?fit=500%2C500&amp;ssl=1\" \/><\/a><\/div>\n  <div class=\"layer-content\">\n        <div\r\n        class=\"element element_0  element-media\">\r\n        <a target=\"_self\" href=\"https:\/\/nevalogy.com\/tr\/covid-pozitif-aile-buyukleriyle-ilk-gun-duygusal-ya-da-mantiksal-olmak\/\"><img loading=\"lazy\" decoding=\"async\" width=\"500\" height=\"500\" src=\"https:\/\/i0.wp.com\/nevalogy.com\/wp-content\/uploads\/2020\/12\/Elderly-Parents-Srticken-By-Covid19-Turkish.jpg?fit=500%2C500&amp;ssl=1\" class=\"attachment-large size-large wp-post-image\" alt=\"Covid pozitif aile b\u00fcy\u00fckleriyle ilk g\u00fcn (duygusal ya da mantiksal olmak!)\" \/><\/a>    <\/div>\r\n    <div class=\"element element_1  title_link\">\r\n                    <a target=\"\"\r\n                href=\"https:\/\/nevalogy.com\/tr\/covid-pozitif-aile-buyukleriyle-ilk-gun-duygusal-ya-da-mantiksal-olmak\/\">Covid pozitif aile b\u00fcy\u00fckleriyle ilk g\u00fcn (duygusal ya da mantiksal olmak!<\/a>\r\n            <\/div>\r\n    <div class=\"element element_2  excerpt\">\r\n        Covid pozitif aile b\u00fcy\u00fckleriyle ilk g\u00fcn (duygusal ya da mantiksal\u00a0olmak! Translated To Turkish            <\/div>\r\n            <a class=\"element element_3  read_more\"\r\n            target=\"\"\r\n            href=\"https:\/\/nevalogy.com\/tr\/covid-pozitif-aile-buyukleriyle-ilk-gun-duygusal-ya-da-mantiksal-olmak\/\"><\/a>\r\n      <\/div>\n    <\/div>\n  <\/div><div class=\"item item-644 skin flat odd 3\">\n        <div class=\"layer-wrapper layout-\">\n        <div class=\"layer-media\"><a href=\"https:\/\/nevalogy.com\/tr\/coping-with-elderly-parents-stricken-by-covid-19\/\"><img decoding=\"async\" alt=\"Elderly Parents Stricken By Covid19\" src=\"https:\/\/i0.wp.com\/nevalogy.com\/wp-content\/uploads\/2020\/12\/Elderly-Parents-Srticken-By-Covid19.jpg?fit=500%2C500&amp;ssl=1\" \/><\/a><\/div>\n  <div class=\"layer-content\">\n        <div\r\n        class=\"element element_0  element-media\">\r\n        <a target=\"_self\" href=\"https:\/\/nevalogy.com\/tr\/coping-with-elderly-parents-stricken-by-covid-19\/\"><img loading=\"lazy\" decoding=\"async\" width=\"500\" height=\"500\" src=\"https:\/\/i0.wp.com\/nevalogy.com\/wp-content\/uploads\/2020\/12\/Elderly-Parents-Srticken-By-Covid19.jpg?fit=500%2C500&amp;ssl=1\" class=\"attachment-large size-large wp-post-image\" alt=\"Elderly Parents Stricken By Covid19\" \/><\/a>    <\/div>\r\n    <div class=\"element element_1  title_link\">\r\n                    <a target=\"\"\r\n                href=\"https:\/\/nevalogy.com\/tr\/coping-with-elderly-parents-stricken-by-covid-19\/\">First day with covid positive parents (to be rational or emotional!)<\/a>\r\n            <\/div>\r\n    <div class=\"element element_2  excerpt\">\r\n        I just arrived in Turkey and am a bit Jet Lagged. My parents need immediate attention and help due to            <\/div>\r\n            <a class=\"element element_3  read_more\"\r\n            target=\"\"\r\n            href=\"https:\/\/nevalogy.com\/tr\/coping-with-elderly-parents-stricken-by-covid-19\/\"><\/a>\r\n      <\/div>\n    <\/div>\n  <\/div><div class=\"item item-651 skin flat even 4\">\n        <div class=\"layer-wrapper layout-\">\n        <div class=\"layer-media\"><a href=\"https:\/\/nevalogy.com\/tr\/emergency-trip\/\"><img decoding=\"async\" alt=\"\" src=\"https:\/\/i0.wp.com\/nevalogy.com\/wp-content\/uploads\/2020\/12\/Emergency-Trip-To-Turkey.jpg?fit=500%2C500&amp;ssl=1\" \/><\/a><\/div>\n  <div class=\"layer-content\">\n        <div\r\n        class=\"element element_0  element-media\">\r\n        <a target=\"_self\" href=\"https:\/\/nevalogy.com\/tr\/emergency-trip\/\"><img loading=\"lazy\" decoding=\"async\" width=\"500\" height=\"500\" src=\"https:\/\/i0.wp.com\/nevalogy.com\/wp-content\/uploads\/2020\/12\/Emergency-Trip-To-Turkey.jpg?fit=500%2C500&amp;ssl=1\" class=\"attachment-large size-large wp-post-image\" alt=\"\" \/><\/a>    <\/div>\r\n    <div class=\"element element_1  title_link\">\r\n                    <a target=\"\"\r\n                href=\"https:\/\/nevalogy.com\/tr\/emergency-trip\/\">Emergency Trip<\/a>\r\n            <\/div>\r\n    <div class=\"element element_2  excerpt\">\r\n        After hearing about the news of my parents being stricken by Covid19 I am heading home to Turkey to help            <\/div>\r\n            <a class=\"element element_3  read_more\"\r\n            target=\"\"\r\n            href=\"https:\/\/nevalogy.com\/tr\/emergency-trip\/\"><\/a>\r\n      <\/div>\n    <\/div>\n  <\/div><div class=\"item item-653 skin flat odd 5\">\n        <div class=\"layer-wrapper layout-\">\n        <div class=\"layer-media\"><a href=\"https:\/\/nevalogy.com\/tr\/acil-durum-gezisi-ev\/\"><img decoding=\"async\" alt=\"\" src=\"https:\/\/i0.wp.com\/nevalogy.com\/wp-content\/uploads\/2020\/12\/Emergency-Trip-To-Turkey-Turkish.jpg?fit=500%2C500&amp;ssl=1\" \/><\/a><\/div>\n  <div class=\"layer-content\">\n        <div\r\n        class=\"element element_0  element-media\">\r\n        <a target=\"_self\" href=\"https:\/\/nevalogy.com\/tr\/acil-durum-gezisi-ev\/\"><img loading=\"lazy\" decoding=\"async\" width=\"500\" height=\"500\" src=\"https:\/\/i0.wp.com\/nevalogy.com\/wp-content\/uploads\/2020\/12\/Emergency-Trip-To-Turkey-Turkish.jpg?fit=500%2C500&amp;ssl=1\" class=\"attachment-large size-large wp-post-image\" alt=\"\" \/><\/a>    <\/div>\r\n    <div class=\"element element_1  title_link\">\r\n                    <a target=\"\"\r\n                href=\"https:\/\/nevalogy.com\/tr\/acil-durum-gezisi-ev\/\">AC\u0130L DURUM EV GEZ\u0130S\u0130<\/a>\r\n            <\/div>\r\n    <div class=\"element element_2  excerpt\">\r\n        Ailemin Covid19'dan etkilendi\u011fini duyduktan sonra, bu zor zamanda onlara yard\u0131m etmek i\u00e7in T\u00fcrkiye'ye gidiyorum. This Article is posted in Turkish.            <\/div>\r\n            <a class=\"element element_3  read_more\"\r\n            target=\"\"\r\n            href=\"https:\/\/nevalogy.com\/tr\/acil-durum-gezisi-ev\/\"><\/a>\r\n      <\/div>\n    <\/div>\n  <\/div>    <\/div>\n    <div class=\"pagination\">\n      <div class=\"paginate\">\n      <\/div>\n  <style type=\"text\/css\">\n    #post-grid-647 .pagination .page-numbers {\n      font-size: 16px;\n      color: #fff;\n      background: #646464;\n    }\n\n    #post-grid-647 .pagination .page-numbers:hover,\n    #post-grid-647 .pagination .page-numbers.current {\n      background: #4b4b4b;\n    }\n  <\/style>\n  <\/div>\n      <script>\n          <\/script>\n    <style type=\"text\/css\">\n    #post-grid-647 .element_0 {\n      display: block;font-size: 21px;line-height: normal;padding: 5px 10px;text-align: left; text-decoration: none;    }\n\n    #post-grid-647 .element_1 {\n      display: block;font-size: 21px;line-height: normal;padding: 5px 10px;text-align: left; text-decoration: none;    }\n\n    #post-grid-647 .element_2 {\n      display: block;font-size: 14px;padding: 5px 10px;text-align: left;    }\n\n    #post-grid-647 .element_3 {\n      display: block;font-size: 12px;font-weight: bold;padding: 0 10px;text-align: left;text-decoration: none;    }\n\n    #post-grid-647 .element_0:hover{}#post-grid-647 .element_1:hover{}#post-grid-647 .element_2:hover{}#post-grid-647 .element_3:hover{}  <\/style>\n  <style type=\"text\/css\">\n    #post-grid-647 {\n      padding: 10px;\n          }\n\n    #post-grid-647 .item {\n      padding: 0px;\n      background: #fff;\n          }\n\n    #post-grid-647 .item .layer-media {\n      height:auto;    }\n\n    @media only screen and (min-width: 0px) and (max-width: 767px) {\n      #post-grid-647 .grid-items {\n        text-align: center;\n              }\n\n      #post-grid-647 .item {\n        width: 90%;\n        margin: 10px;\n        display: inline-block;\n        vertical-align: top;\n        height:auto;      }\n    }\n\n    @media only screen and (min-width: 768px) and (max-width: 1023px) {\n      #post-grid-647 .grid-items {\n        text-align: center;\n              }\n\n      #post-grid-647 .item {\n        width: 280px;\n        margin: 10px;\n        display: inline-block;\n        vertical-align: top;\n        max-height:auto;      }\n    }\n\n    @media only screen and (min-width: 1024px) {\n      #post-grid-647 .grid-items {\n        text-align: center;\n              }\n\n      #post-grid-647 .item {\n        width: 280px;\n        display: inline-block;\n        margin: 10px;\n        vertical-align: top;\n        height:auto;      }\n    }\n\n      <\/style>\n  <\/div>","protected":false},"excerpt":{"rendered":"<p>Care of Loved Ones During The Covid-19 Pandemic Covid-19 has stressed almost every factor of life. As the pandemic rages, many of us feel helpless in what they could do to comfort and care&#46;&#46;&#46;<\/p>","protected":false},"author":2,"featured_media":642,"parent":0,"menu_order":0,"comment_status":"closed","ping_status":"closed","template":"","meta":{"nf_dc_page":"","footnotes":""},"class_list":["post-639","page","type-page","status-publish","has-post-thumbnail","hentry"],"jetpack_sharing_enabled":true,"_links":{"self":[{"href":"https:\/\/nevalogy.com\/tr\/wp-json\/wp\/v2\/pages\/639","targetHints":{"allow":["GET"]}}],"collection":[{"href":"https:\/\/nevalogy.com\/tr\/wp-json\/wp\/v2\/pages"}],"about":[{"href":"https:\/\/nevalogy.com\/tr\/wp-json\/wp\/v2\/types\/page"}],"author":[{"embeddable":true,"href":"https:\/\/nevalogy.com\/tr\/wp-json\/wp\/v2\/users\/2"}],"replies":[{"embeddable":true,"href":"https:\/\/nevalogy.com\/tr\/wp-json\/wp\/v2\/comments?post=639"}],"version-history":[{"count":2,"href":"https:\/\/nevalogy.com\/tr\/wp-json\/wp\/v2\/pages\/639\/revisions"}],"predecessor-version":[{"id":648,"href":"https:\/\/nevalogy.com\/tr\/wp-json\/wp\/v2\/pages\/639\/revisions\/648"}],"wp:featuredmedia":[{"embeddable":true,"href":"https:\/\/nevalogy.com\/tr\/wp-json\/wp\/v2\/media\/642"}],"wp:attachment":[{"href":"https:\/\/nevalogy.com\/tr\/wp-json\/wp\/v2\/media?parent=639"}],"curies":[{"name":"wp","href":"https:\/\/api.w.org\/{rel}","templated":true}]}}